{"id":4123,"date":"2026-04-14T13:17:37","date_gmt":"2026-04-14T18:17:37","guid":{"rendered":"https:\/\/colegiolaconcepcion.com.co\/portal\/?page_id=4123"},"modified":"2026-04-14T13:23:47","modified_gmt":"2026-04-14T18:23:47","slug":"elementor-4123","status":"publish","type":"page","link":"https:\/\/colegiolaconcepcion.com.co\/portal\/?page_id=4123","title":{"rendered":"Prevencion del dengue"},"content":{"rendered":"\t\t<div data-elementor-type=\"wp-page\" data-elementor-id=\"4123\" class=\"elementor elementor-4123\">\n\t\t\t\t\t\t\t\t\t<section class=\"elementor-section elementor-top-section elementor-element elementor-element-856be8e elementor-section-boxed elementor-section-height-default elementor-section-height-default\" data-id=\"856be8e\" data-element_type=\"section\">\n\t\t\t\t\t\t<div class=\"elementor-container elementor-column-gap-default\">\n\t\t\t\t\t<div class=\"elementor-column elementor-col-100 elementor-top-column elementor-element elementor-element-b4eb85e\" data-id=\"b4eb85e\" data-element_type=\"column\">\n\t\t\t<div class=\"elementor-widget-wrap elementor-element-populated\">\n\t\t\t\t\t\t\t\t<div class=\"elementor-element elementor-element-497893b elementor-widget elementor-widget-heading\" data-id=\"497893b\" data-element_type=\"widget\" data-widget_type=\"heading.default\">\n\t\t\t\t<div class=\"elementor-widget-container\">\n\t\t\t<style>\/*! elementor - v3.6.5 - 27-04-2022 *\/\n.elementor-heading-title{padding:0;margin:0;line-height:1}.elementor-widget-heading .elementor-heading-title[class*=elementor-size-]>a{color:inherit;font-size:inherit;line-height:inherit}.elementor-widget-heading .elementor-heading-title.elementor-size-small{font-size:15px}.elementor-widget-heading .elementor-heading-title.elementor-size-medium{font-size:19px}.elementor-widget-heading .elementor-heading-title.elementor-size-large{font-size:29px}.elementor-widget-heading .elementor-heading-title.elementor-size-xl{font-size:39px}.elementor-widget-heading .elementor-heading-title.elementor-size-xxl{font-size:59px}<\/style><h2 class=\"elementor-heading-title elementor-size-default\">\u00a1Prevengamos juntos el Dengue!<\/h2>\t\t<\/div>\n\t\t\t\t<\/div>\n\t\t\t\t\t<\/div>\n\t\t<\/div>\n\t\t\t\t\t\t\t<\/div>\n\t\t<\/section>\n\t\t\t\t<section class=\"elementor-section elementor-top-section elementor-element elementor-element-8d27eff elementor-section-boxed elementor-section-height-default elementor-section-height-default\" data-id=\"8d27eff\" data-element_type=\"section\">\n\t\t\t\t\t\t<div class=\"elementor-container elementor-column-gap-default\">\n\t\t\t\t\t<div class=\"elementor-column elementor-col-100 elementor-top-column elementor-element elementor-element-a71bbd4\" data-id=\"a71bbd4\" data-element_type=\"column\">\n\t\t\t<div class=\"elementor-widget-wrap elementor-element-populated\">\n\t\t\t\t\t\t\t\t<div class=\"elementor-element elementor-element-bd71220 elementor-widget elementor-widget-text-editor\" data-id=\"bd71220\" data-element_type=\"widget\" data-widget_type=\"text-editor.default\">\n\t\t\t\t<div class=\"elementor-widget-container\">\n\t\t\t<style>\/*! elementor - v3.6.5 - 27-04-2022 *\/\n.elementor-widget-text-editor.elementor-drop-cap-view-stacked .elementor-drop-cap{background-color:#818a91;color:#fff}.elementor-widget-text-editor.elementor-drop-cap-view-framed .elementor-drop-cap{color:#818a91;border:3px solid;background-color:transparent}.elementor-widget-text-editor:not(.elementor-drop-cap-view-default) .elementor-drop-cap{margin-top:8px}.elementor-widget-text-editor:not(.elementor-drop-cap-view-default) .elementor-drop-cap-letter{width:1em;height:1em}.elementor-widget-text-editor .elementor-drop-cap{float:left;text-align:center;line-height:1;font-size:50px}.elementor-widget-text-editor .elementor-drop-cap-letter{display:inline-block}<\/style>\t\t\t\t<p>El dengue es una enfermedad viral aguda que puede afectar a personas de cualquier edad, especialmente ni\u00f1os y adultos mayores, causada por un virus transmitido a trav\u00e9s de la picadura de mosquitos infectados (Aedes aegypti).\u00a0<\/p><p><img loading=\"lazy\" class=\"aligncenter wp-image-4125\" src=\"http:\/\/colegiolaconcepcion.com.co\/portal\/wp-content\/uploads\/2026\/04\/Criaderos-de-Mosquito.png\" alt=\"\" width=\"780\" height=\"267\" \/><\/p><p><strong>El Dengue se caracteriza por: <\/strong><\/p><p>Fiebre, dolor en los huesos y dolor de cabeza, dolores en las articulaciones, p\u00e9rdida del apetito y dolor detr\u00e1s de los ojos. Hay unos s\u00edntomas que son de alarma, como decaimiento mayor, permanencia de fiebre, sangrado\u00a0en las enc\u00edas, en la orina, moretones en la piel y dolor abdominal persistente.<\/p><p><img loading=\"lazy\" class=\"aligncenter wp-image-4126\" src=\"http:\/\/colegiolaconcepcion.com.co\/portal\/wp-content\/uploads\/2026\/04\/Sintomas-Dengue.png\" alt=\"\" width=\"780\" height=\"299\" \/><\/p><p><a href=\"https:\/\/www.minsalud.gov.co\/salud\/publica\/PET\/paginas\/dengue.aspx\" target=\"_blank\" rel=\"noopener\"><strong>Leer m\u00e1s&#8230;<\/strong><\/a><\/p><p><strong>Ministerio de Salud y Protecci\u00f3n Social.<\/strong> (s.f.). Dengue. Recuperado de https:\/\/www.minsalud.gov.co\/salud\/publica\/PET\/paginas\/dengue.aspx<\/p>\t\t\t\t\t\t<\/div>\n\t\t\t\t<\/div>\n\t\t\t\t\t<\/div>\n\t\t<\/div>\n\t\t\t\t\t\t\t<\/div>\n\t\t<\/section>\n\t\t\t\t\t\t\t<\/div>\n\t\t","protected":false},"excerpt":{"rendered":"<p>\u00a1Prevengamos juntos el Dengue! El dengue es una enfermedad viral aguda que puede afectar a personas de cualquier edad, especialmente ni\u00f1os y adultos mayores, causada por un virus transmitido a trav\u00e9s de la picadura de mosquitos infectados (Aedes aegypti).&nbsp; El Dengue se caracteriza por: Fiebre, dolor en los huesos y dolor de cabeza, dolores en &hellip;<\/p>\n<p class=\"read-more\"> <a class=\"\" href=\"https:\/\/colegiolaconcepcion.com.co\/portal\/?page_id=4123\"> <span class=\"screen-reader-text\">Prevencion del dengue<\/span> Read More &raquo;<\/a><\/p>\n","protected":false},"author":1,"featured_media":0,"parent":0,"menu_order":0,"comment_status":"closed","ping_status":"closed","template":"","meta":{"site-sidebar-layout":"no-sidebar","site-content-layout":"page-builder","ast-main-header-display":"","ast-hfb-above-header-display":"","ast-hfb-below-header-display":"","ast-hfb-mobile-header-display":"","site-post-title":"disabled","ast-breadcrumbs-content":"","ast-featured-img":"disabled","footer-sml-layout":"","theme-transparent-header-meta":"","adv-header-id-meta":"","stick-header-meta":"","header-above-stick-meta":"","header-main-stick-meta":"","header-below-stick-meta":""},"_links":{"self":[{"href":"https:\/\/colegiolaconcepcion.com.co\/portal\/index.php?rest_route=\/wp\/v2\/pages\/4123"}],"collection":[{"href":"https:\/\/colegiolaconcepcion.com.co\/portal\/index.php?rest_route=\/wp\/v2\/pages"}],"about":[{"href":"https:\/\/colegiolaconcepcion.com.co\/portal\/index.php?rest_route=\/wp\/v2\/types\/page"}],"author":[{"embeddable":true,"href":"https:\/\/colegiolaconcepcion.com.co\/portal\/index.php?rest_route=\/wp\/v2\/users\/1"}],"replies":[{"embeddable":true,"href":"https:\/\/colegiolaconcepcion.com.co\/portal\/index.php?rest_route=%2Fwp%2Fv2%2Fcomments&post=4123"}],"version-history":[{"count":5,"href":"https:\/\/colegiolaconcepcion.com.co\/portal\/index.php?rest_route=\/wp\/v2\/pages\/4123\/revisions"}],"predecessor-version":[{"id":4130,"href":"https:\/\/colegiolaconcepcion.com.co\/portal\/index.php?rest_route=\/wp\/v2\/pages\/4123\/revisions\/4130"}],"wp:attachment":[{"href":"https:\/\/colegiolaconcepcion.com.co\/portal\/index.php?rest_route=%2Fwp%2Fv2%2Fmedia&parent=4123"}],"curies":[{"name":"wp","href":"https:\/\/api.w.org\/{rel}","templated":true}]}}